{"id":5100,"date":"2018-04-23T01:13:21","date_gmt":"2018-04-23T04:13:21","guid":{"rendered":"https:\/\/www.squadroni.com.br\/norma-tecnica\/"},"modified":"2019-07-02T12:59:31","modified_gmt":"2019-07-02T15:59:31","slug":"norma-tecnica","status":"publish","type":"page","link":"https:\/\/agenciaplat.com.br\/squadroni\/es\/norma-tecnica\/","title":{"rendered":"Norma T\u00e9cnica"},"content":{"rendered":"<p>[vc_row][vc_column]<div id=\"ultimate-heading-271469f7205918c9c\" class=\"uvc-heading ult-adjust-bottom-margin ultimate-heading-271469f7205918c9c uvc-3987 \" data-hspacer=\"line_only\"  data-halign=\"center\" style=\"text-align:center\"><div class=\"uvc-main-heading ult-responsive\"  data-ultimate-target='.uvc-heading.ultimate-heading-271469f7205918c9c h1'  data-responsive-json-new='{\"font-size\":\"\",\"line-height\":\"\"}' ><h1 style=\"font-weight:normal;margin-bottom:20px;\">NBR 13962\/2018<\/h1><\/div><div class=\"uvc-heading-spacer line_only\" style=\"margin-bottom:50px;height:1px;\"><span class=\"uvc-headings-line\" style=\"border-style:solid;border-bottom-width:1px;border-color:#ccc;width:autopx;\"><\/span><\/div><\/div>[\/vc_column][\/vc_row][vc_row][vc_column][vc_column_text]<\/p>\n<h4><span style=\"color: #ed1c24;\">RUEDA TIPO H<\/span><\/h4>\n<p class=\"align-left\">Rueda con ruedas r\u00edgidas que presentan banda de rodamiento dura en un solo color en toda su superficie, siendo recomendado para uso sobre pisos cubiertos por alfombra o alfombra.<\/p>\n<p>&nbsp;<\/p>\n<h4><span style=\"color: #ed1c24;\">R<\/span><span style=\"color: #ed1c24;\">UEDA\u00a0<\/span><span style=\"color: #ed1c24;\">TIPO W<\/span><\/h4>\n<p class=\"align-left\">Rueda con ruedas revestidas de material resistente, que presentan banda de rodamiento suave y colores diferentes en el centro y en la banda de rodaje, siendo recomendado para uso sobre pisos revestidos de piedra, madera, cer\u00e1mica y cualesquiera otros no cubiertos.<\/p>\n<p>&nbsp;<\/p>\n<h4><span style=\"color: #ed1c24;\">OBST\u00c1CULOS AL DESPLAZAMIENTO DE LOS RODICIOS<\/span><\/h4>\n<p class=\"align-left\">Tira de metal con longitud seg\u00fan lo indicado en el ensayo de durabilidad al desplazamiento de rotaci\u00f3n, anchura de 51mm y espesor de 3,2 mm donde los bordes longitudinales de estas tiras deben tener radio de 3,2mm + o &#8211; 0,4 mm<\/p>\n<p>&nbsp;<\/p>\n<h4><span style=\"color: #ed1c24;\">SUPERFICIE DE APOYO<\/span><\/h4>\n<p class=\"align-left\">Superficie del suelo perfectamente horizontal y plana donde la base y las ruedas deben estar libres para rotar y girar.<\/p>\n<p>&nbsp;<\/p>\n<h4><span style=\"color: #ed1c24;\">ENSAYO DE DURABILIDAD AL DESPLAZAMIENTO DE LOS RODICIOS<\/span><\/h4>\n<p class=\"align-left\">El ensayo debe realizarse directamente sobre la superficie de apoyo. Para el ensayo se utilizan tres obst\u00e1culos fijados a dicha superficie. Si se ensaya una silla completa, coloque una carga M\u00b9 en el asiento de la silla. Si un accesorio se utiliza el peso del conjunto del ensayo (conjunto de la base, accesorios y pesos) debe ser equivalente a M\u00b9 m\u00e1s el peso de la silla en su configuraci\u00f3n totalmente montada. El recorrido del dispositivo c\u00edclico debe ajustarse para garantizar como m\u00ednimo (762mm + 20mm) de recorrido. El curso debe ser orientado para que los rodillos rueden a trav\u00e9s de la plataforma de ensayos y obst\u00e1culos.<\/p>\n<p class=\"align-left\">El ciclo (desplazamiento en un sentido y luego en el sentido opuesto) debe repetirse en 2000 veces sobre los obst\u00e1culos y 98000 ciclos en superficie lisa y r\u00edgida sin obst\u00e1culos, en una frecuencia de 10 + o &#8211; 2 ciclos por minuto. Despu\u00e9s de la finalizaci\u00f3n de los ciclos, una fuerza de 22N debe ser aplicada a cada rodillo en la l\u00ednea central del v\u00e1stago del rodillo.<\/p>\n<p>[\/vc_column_text][\/vc_column][\/vc_row]<\/p>\n","protected":false},"excerpt":{"rendered":"<p>[vc_row][vc_column][\/vc_column][\/vc_row][vc_row][vc_column][vc_column_text] RUEDA TIPO H Rueda con ruedas r\u00edgidas que presentan banda de rodamiento dura en un solo color en toda su superficie, siendo recomendado para uso sobre pisos cubiertos por alfombra o alfombra. &nbsp; RUEDA\u00a0TIPO W Rueda con ruedas revestidas de material resistente, que presentan banda de rodamiento suave y colores diferentes en el centro&hellip;<\/p>\n","protected":false},"author":6,"featured_media":0,"parent":0,"menu_order":0,"comment_status":"closed","ping_status":"closed","template":"","meta":{"_joinchat":[]},"class_list":["post-5100","page","type-page","status-publish","hentry","description-off"],"_links":{"self":[{"href":"https:\/\/agenciaplat.com.br\/squadroni\/wp-json\/wp\/v2\/pages\/5100","targetHints":{"allow":["GET"]}}],"collection":[{"href":"https:\/\/agenciaplat.com.br\/squadroni\/wp-json\/wp\/v2\/pages"}],"about":[{"href":"https:\/\/agenciaplat.com.br\/squadroni\/wp-json\/wp\/v2\/types\/page"}],"author":[{"embeddable":true,"href":"https:\/\/agenciaplat.com.br\/squadroni\/wp-json\/wp\/v2\/users\/6"}],"replies":[{"embeddable":true,"href":"https:\/\/agenciaplat.com.br\/squadroni\/wp-json\/wp\/v2\/comments?post=5100"}],"version-history":[{"count":3,"href":"https:\/\/agenciaplat.com.br\/squadroni\/wp-json\/wp\/v2\/pages\/5100\/revisions"}],"predecessor-version":[{"id":5106,"href":"https:\/\/agenciaplat.com.br\/squadroni\/wp-json\/wp\/v2\/pages\/5100\/revisions\/5106"}],"wp:attachment":[{"href":"https:\/\/agenciaplat.com.br\/squadroni\/wp-json\/wp\/v2\/media?parent=5100"}],"curies":[{"name":"wp","href":"https:\/\/api.w.org\/{rel}","templated":true}]}}