{"id":5059,"date":"2018-04-23T00:14:29","date_gmt":"2018-04-23T03:14:29","guid":{"rendered":"https:\/\/www.squadroni.com.br\/laboratorio\/"},"modified":"2019-07-17T12:18:19","modified_gmt":"2019-07-17T15:18:19","slug":"laboratorio","status":"publish","type":"page","link":"https:\/\/agenciaplat.com.br\/squadroni\/es\/laboratorio\/","title":{"rendered":"Laboratorio"},"content":{"rendered":"<p>[vc_row][vc_column]<div id=\"ultimate-heading-102769f72116b737a\" class=\"uvc-heading ult-adjust-bottom-margin ultimate-heading-102769f72116b737a uvc-3605 \" data-hspacer=\"line_only\"  data-halign=\"left\" style=\"text-align:left\"><div class=\"uvc-main-heading ult-responsive\"  data-ultimate-target='.uvc-heading.ultimate-heading-102769f72116b737a h2'  data-responsive-json-new='{\"font-size\":\"\",\"line-height\":\"\"}' ><h2 style=\"font-weight:normal;margin-bottom:20px;\"> LABORATORIO DE PRUEBAS<\/h2><\/div><div class=\"uvc-heading-spacer line_only\" style=\"topheight:1px;\"><span class=\"uvc-headings-line\" style=\"border-style:solid;border-bottom-width:1px;border-color:#0c0c0c;width:autopx;\"><\/span><\/div><div class=\"uvc-sub-heading ult-responsive\"  data-ultimate-target='.uvc-heading.ultimate-heading-102769f72116b737a .uvc-sub-heading '  data-responsive-json-new='{\"font-size\":\"\",\"line-height\":\"\"}'  style=\"font-weight:normal;margin-top:20px;\">Squadroni cuenta con un laboratorio de pruebas propio, buscando garantizar la total calidad y confiabilidad de sus productos.<\/p>\n<p>Con equipos espec\u00edficos, Squadroni realiza ensayos de tracci\u00f3n, durabilidad y resistencia en toda su l\u00ednea de productos, proporcionando as\u00ed a todos sus clientes, productos con la m\u00e1s alta tecnolog\u00eda y sofisticaci\u00f3n.<\/p>\n<p>Al adquirir un producto Squadroni, nuestros clientes tienen la garant\u00eda de obtener productos con alto rendimiento y durabilidad, excediendo sus necesidades en accesorios para mobiliario.<\/div><\/div>[\/vc_column][\/vc_row][vc_row][vc_column][vc_media_grid element_width=&#8221;3&#8243; item=&#8221;mediaGrid_SlideInTitle&#8221; grid_id=&#8221;vc_gid:1563376677909-4fbd04e7-6981-2&#8243; include=&#8221;5576,5555,5561,5567,5570,5573,5558,5564&#8243;][\/vc_column][\/vc_row]<\/p>\n","protected":false},"excerpt":{"rendered":"<p>[vc_row][vc_column][\/vc_column][\/vc_row][vc_row][vc_column][vc_media_grid element_width=&#8221;3&#8243; item=&#8221;mediaGrid_SlideInTitle&#8221; grid_id=&#8221;vc_gid:1563376677909-4fbd04e7-6981-2&#8243; include=&#8221;5576,5555,5561,5567,5570,5573,5558,5564&#8243;][\/vc_column][\/vc_row]<\/p>\n","protected":false},"author":6,"featured_media":0,"parent":0,"menu_order":0,"comment_status":"closed","ping_status":"closed","template":"","meta":{"_joinchat":[]},"class_list":["post-5059","page","type-page","status-publish","hentry","description-off"],"_links":{"self":[{"href":"https:\/\/agenciaplat.com.br\/squadroni\/wp-json\/wp\/v2\/pages\/5059","targetHints":{"allow":["GET"]}}],"collection":[{"href":"https:\/\/agenciaplat.com.br\/squadroni\/wp-json\/wp\/v2\/pages"}],"about":[{"href":"https:\/\/agenciaplat.com.br\/squadroni\/wp-json\/wp\/v2\/types\/page"}],"author":[{"embeddable":true,"href":"https:\/\/agenciaplat.com.br\/squadroni\/wp-json\/wp\/v2\/users\/6"}],"replies":[{"embeddable":true,"href":"https:\/\/agenciaplat.com.br\/squadroni\/wp-json\/wp\/v2\/comments?post=5059"}],"version-history":[{"count":5,"href":"https:\/\/agenciaplat.com.br\/squadroni\/wp-json\/wp\/v2\/pages\/5059\/revisions"}],"predecessor-version":[{"id":5590,"href":"https:\/\/agenciaplat.com.br\/squadroni\/wp-json\/wp\/v2\/pages\/5059\/revisions\/5590"}],"wp:attachment":[{"href":"https:\/\/agenciaplat.com.br\/squadroni\/wp-json\/wp\/v2\/media?parent=5059"}],"curies":[{"name":"wp","href":"https:\/\/api.w.org\/{rel}","templated":true}]}}