{"id":5033,"date":"2018-05-10T16:00:58","date_gmt":"2018-05-10T19:00:58","guid":{"rendered":"https:\/\/www.squadroni.com.br\/vendas-brasil-e-america-latina\/"},"modified":"2019-07-19T10:49:03","modified_gmt":"2019-07-19T13:49:03","slug":"vendas-brasil-y-america-latina","status":"publish","type":"page","link":"https:\/\/agenciaplat.com.br\/squadroni\/es\/vendas-brasil-y-america-latina\/","title":{"rendered":"Ventas Brasil y Am\u00e9rica Latina"},"content":{"rendered":"<p>[vc_row][vc_column width=&#8221;1\/3&#8243;][vc_single_image image=&#8221;1867&#8243; img_size=&#8221;full&#8221;][\/vc_column][vc_column width=&#8221;2\/3&#8243;]<div id=\"ultimate-heading-800469f4b64030f31\" class=\"uvc-heading ult-adjust-bottom-margin ultimate-heading-800469f4b64030f31 uvc-1935 \" data-hspacer=\"line_only\"  data-halign=\"left\" style=\"text-align:left\"><div class=\"uvc-sub-heading ult-responsive\"  data-ultimate-target='.uvc-heading.ultimate-heading-800469f4b64030f31 .uvc-sub-heading '  data-responsive-json-new='{\"font-size\":\"\",\"line-height\":\"\"}'  style=\"font-weight:normal;\"><\/p>\n<h2 class=\"title wow flipInX animated\" data-wow-animation-name=\"flipInX\">Ventas\u00a0<span style=\"color: #710908;\">Squadroni<\/span><\/h2>\n<p><\/div><div class=\"uvc-heading-spacer line_only\" style=\"topheight:1px;\"><span class=\"uvc-headings-line\" style=\"border-style:solid;border-bottom-width:1px;border-color:#ccc;width:autopx;\"><\/span><\/div><\/div><div id=\"ultimate-heading-640969f4b64030f5b\" class=\"uvc-heading ult-adjust-bottom-margin ultimate-heading-640969f4b64030f5b uvc-8596 \" data-hspacer=\"no_spacer\"  data-halign=\"left\" style=\"text-align:left\"><div class=\"uvc-heading-spacer no_spacer\" style=\"top\"><\/div><div class=\"uvc-sub-heading ult-responsive\"  data-ultimate-target='.uvc-heading.ultimate-heading-640969f4b64030f5b .uvc-sub-heading '  data-responsive-json-new='{\"font-size\":\"\",\"line-height\":\"\"}'  style=\"font-weight:normal;margin-top:20px;\">Squadroni atiende al mercado interno brasile\u00f1o y exporta sus productos a pa\u00edses de Am\u00e9rica Latina, Centroam\u00e9rica, Oriente Medio y Europa. Los productos para mobiliario residencial y de oficina de Squadroni se encuentran en pa\u00edses como M\u00e9xico, Argentina, Chile, Bolivia, Colombia, L\u00edbano e Italia, siempre que se busque por calidad.<\/p>\n<p>La receta para el \u00e9xito de los productos Squadroni en estos exigentes mercados -adem\u00e1s de la calidad incontestable- son la estrecha relaci\u00f3n profesional con sus clientes y ventas, la participaci\u00f3n en ferias y eventos del sector en todo el mundo y la presencia constante en los medios especializados.<\/div><\/div>[\/vc_column][\/vc_row][vc_row equal_height=&#8221;yes&#8221; content_placement=&#8221;middle&#8221; css=&#8221;.vc_custom_1524497792386{margin-top: 30px !important;margin-bottom: 30px !important;}&#8221;][vc_column width=&#8221;3\/4&#8243;][vc_column_text]Y para las micro, peque\u00f1as y medianas empresas, la Squadroni forma parte de la red acreditada de proveedores de la tarjeta BNDES, m\u00e1s una facilidad para la adquisici\u00f3n de nuestros productos. Entre en contacto y sepa m\u00e1s sobre esta ventaja.[\/vc_column_text][\/vc_column][vc_column width=&#8221;1\/4&#8243;][vc_single_image image=&#8221;1871&#8243; img_size=&#8221;250&#215;160&#8243;][\/vc_column][\/vc_row][vc_row css=&#8221;.vc_custom_1524499040922{margin-top: 30px !important;margin-bottom: 30px !important;}&#8221;][vc_column][vc_separator][\/vc_column][\/vc_row][vc_row][vc_column width=&#8221;1\/2&#8243;][\/vc_column][vc_column width=&#8221;1\/2&#8243;]<div id=\"ultimate-heading-87569f4b64030f79\" class=\"uvc-heading ult-adjust-bottom-margin ultimate-heading-87569f4b64030f79 uvc-6032 \" data-hspacer=\"no_spacer\"  data-halign=\"center\" style=\"text-align:center\"><div class=\"uvc-heading-spacer no_spacer\" style=\"top\"><\/div><div class=\"uvc-sub-heading ult-responsive\"  data-ultimate-target='.uvc-heading.ultimate-heading-87569f4b64030f79 .uvc-sub-heading '  data-responsive-json-new='{\"font-size\":\"\",\"line-height\":\"\"}'  style=\"font-weight:normal;\"><\/p>\n<h2 class=\"title wow flipInX animated\" data-wow-animation-name=\"flipInX\"><span style=\"color: #710908;\">Representantes<\/span>\u00a0por Estado<\/h2>\n<p><\/div><\/div>[vc_column_text]<\/p>\n<h5>(<span lang=\"es\" tabindex=\"0\">haga clic en el nombre del Estado para ver la lista de representantes<\/span>)<\/h5>\n<p>[\/vc_column_text][\/vc_column][\/vc_row][vc_row][vc_column][vc_column_text] <!-- start Fla-shop.com HTML5 Map --> <div class='freeHtmlMapright htmlMapResponsive' style='max-width:780px; width: 100%'> <div id='map-container-0' class='freeHtmlMapContainer' data-map-variable='map0'><\/div> <link href='https:\/\/agenciaplat.com.br\/squadroni\/wp-content\/plugins\/html5-maps\/static\/css\/map.css' rel='stylesheet'> <style> body .fm-tooltip { color: #000000; font-size: 20px; } <\/style> <script src='\/\/cdn.html5maps.com\/3d_party\/raphael.min.js'><\/script> <script src='https:\/\/agenciaplat.com.br\/squadroni\/index.php?freemap_js_data=true&map_id=1&r=56558'><\/script> <script src='\/\/cdn.html5maps.com\/libs\/locator\/2.4.0\/brazil\/map.js'><\/script> <script> var map0 = new FlaMap(map_cfg); map0.drawOnDomReady('map-container-0'); map0.on('click', function(ev, sid, map) { jQuery('#freeHtmlMapStateInfo0').html(''); var link = map.mapConfig.map_data[sid]['link']; if (link == '#info') { var id = map.mapConfig.map_data[sid]['id']; jQuery('#freeHtmlMapStateInfo0').html('Loading...'); jQuery.ajax({ type: 'POST', url: 'https:\/\/agenciaplat.com.br\/squadroni\/index.php?freemap_get_state_info='+id+'&map_id=1', success: function(data, textStatus, jqXHR){ jQuery('#freeHtmlMapStateInfo0').html(data); }, dataType: 'text' }); } }); <\/script> <div id='freeHtmlMapStateInfo0' class='freeHtmlMapStateInfo'><\/div> <\/div> <div style='clear: both'><\/div> <!-- end HTML5 Map --> [\/vc_column_text][\/vc_column][\/vc_row][vc_row][vc_column][vc_column_text]<\/p>\n<p>&nbsp;<\/p>\n<p>[\/vc_column_text][\/vc_column][\/vc_row][vc_row][vc_column]<div id=\"ultimate-heading-439169f4b6403128e\" class=\"uvc-heading ult-adjust-bottom-margin ultimate-heading-439169f4b6403128e uvc-3645 \" data-hspacer=\"line_only\"  data-halign=\"center\" style=\"text-align:center\"><div class=\"uvc-main-heading ult-responsive\"  data-ultimate-target='.uvc-heading.ultimate-heading-439169f4b6403128e h2'  data-responsive-json-new='{\"font-size\":\"\",\"line-height\":\"\"}' ><h2 style=\"font-weight:normal;margin-bottom:20px;\">Squadroni Am\u00e9rica Latina<\/h2><\/div><div class=\"uvc-heading-spacer line_only\" style=\"topheight:2px;\"><span class=\"uvc-headings-line\" style=\"border-style:solid;border-bottom-width:2px;border-color:#710908;width:100px;\"><\/span><\/div><div class=\"uvc-sub-heading ult-responsive\"  data-ultimate-target='.uvc-heading.ultimate-heading-439169f4b6403128e .uvc-sub-heading '  data-responsive-json-new='{\"font-size\":\"\",\"line-height\":\"\"}'  style=\"font-weight:normal;margin-top:20px;\">Como el mayor fabricante de ruedas de Am\u00e9rica del Sur, Squadroni exporta sus productos a diversos pa\u00edses de Am\u00e9rica Latina. Con una red de representantes altamente calificados, en los diversos mercados de la regi\u00f3n, ofrecemos una atenci\u00f3n diferenciada y cercana a nuestros clientes.<\/div><\/div>[\/vc_column][\/vc_row][vc_row full_width=&#8221;stretch_row&#8221; content_placement=&#8221;middle&#8221; bg_type=&#8221;bg_color&#8221; bg_override=&#8221;full&#8221; bg_color_value=&#8221;#cecece&#8221; css=&#8221;.vc_custom_1531152980840{margin-top: 50px !important;margin-bottom: 50px !important;}&#8221;][vc_column]<div class=\"aio-icon-component   icon_position_middle style_1\"><div id=\"Info-box-wrap-9952\" class=\"aio-icon-box top-icon\" style=\"\"  ><div class=\"aio-icon-description ult-responsive\"  data-ultimate-target='#Info-box-wrap-9952 .aio-icon-description'  data-responsive-json-new='{\"font-size\":\"\",\"line-height\":\"\"}'  style=\"\"><\/p>\n<h4 style=\"text-align: center;\">\u00a0Algunos de nuestros representantes globales.<\/h4>\n<h4 style=\"text-align: center;\">Si su regi\u00f3n no est\u00e1 en esa cobertura, por favor contacte con nosotros:<\/h4>\n<h4 style=\"text-align: center;\">Tel\u00e9fono (<span style=\"color: #710908;\"><strong>11) 4546-8555<\/strong><\/span>\u00a0 \/ E-mail:\u00a0<span style=\"color: #710908;\"><a href=\"mailto:squadroni@squadroni.com.br\">squadroni@squadroni.com.br<\/a><\/span><\/h4>\n<p><\/div> <!-- description --><\/div> <!-- aio-icon-box --><\/div> <!-- aio-icon-component -->[\/vc_column][\/vc_row][vc_row][vc_column width=&#8221;1\/2&#8243;]<div class=\"aio-icon-component    style_1\"><div id=\"Info-box-wrap-8621\" class=\"aio-icon-box default-icon\" style=\"\"  ><div class=\"aio-icon-header\" ><h3 class=\"aio-icon-title ult-responsive\"  data-ultimate-target='#Info-box-wrap-8621 .aio-icon-title'  data-responsive-json-new='{\"font-size\":\"desktop:40px;\",\"line-height\":\"\"}'  style=\"\">Chile<\/h3><\/div> <!-- header --><div class=\"aio-icon-description ult-responsive\"  data-ultimate-target='#Info-box-wrap-8621 .aio-icon-description'  data-responsive-json-new='{\"font-size\":\"\",\"line-height\":\"\"}'  style=\"\"><strong><span style=\"color: #710908;\">SOFBAL SA<\/span><\/strong><br \/>\n<strong>Direcci\u00f3n:<\/strong>\u00a0Av. Matta, 297 &#8211; Centro &#8211; Santiago<br \/>\n<strong>Contacto:<\/strong>\u00a0Paula Bustamante<br \/>\n<strong>Tel:<\/strong>\u00a0562 26659890<br \/>\n<strong>e-mail:<\/strong>\u00a0<a href=\"mailto:paula@multiruedas.cl\">paula@multiruedas.cl<\/a><\/div> <!-- description --><\/div> <!-- aio-icon-box --><\/div> <!-- aio-icon-component --><div class=\"aio-icon-component    style_1\"><div id=\"Info-box-wrap-7167\" class=\"aio-icon-box default-icon\" style=\"\"  ><div class=\"aio-icon-header\" ><h3 class=\"aio-icon-title ult-responsive\"  data-ultimate-target='#Info-box-wrap-7167 .aio-icon-title'  data-responsive-json-new='{\"font-size\":\"desktop:40px;\",\"line-height\":\"\"}'  style=\"\">Colombia<\/h3><\/div> <!-- header --><div class=\"aio-icon-description ult-responsive\"  data-ultimate-target='#Info-box-wrap-7167 .aio-icon-description'  data-responsive-json-new='{\"font-size\":\"\",\"line-height\":\"\"}'  style=\"\"><strong><span style=\"color: #710908;\">REALCOL S.A.S.<\/span><\/strong><br \/>\n<strong>Contacto:<\/strong>\u00a0Sr. Luis Fernando Agudelo M. &#8211; Director Comercial<br \/>\nCarrera 50 No 38-81 (Centro)<br \/>\nMedell\u00edn &#8211; Colombia.<br \/>\n<strong>Contactos:<\/strong>\u00a0Tel.: +574 &#8211; 4449639 | Cel.: 3122863796<\/div> <!-- description --><\/div> <!-- aio-icon-box --><\/div> <!-- aio-icon-component -->[\/vc_column][vc_column width=&#8221;1\/2&#8243;][vc_single_image image=&#8221;1931&#8243; img_size=&#8221;full&#8221;][\/vc_column][\/vc_row]<\/p>\n","protected":false},"excerpt":{"rendered":"<p>[vc_row][vc_column width=&#8221;1\/3&#8243;][vc_single_image image=&#8221;1867&#8243; img_size=&#8221;full&#8221;][\/vc_column][vc_column width=&#8221;2\/3&#8243;][\/vc_column][\/vc_row][vc_row equal_height=&#8221;yes&#8221; content_placement=&#8221;middle&#8221; css=&#8221;.vc_custom_1524497792386{margin-top: 30px !important;margin-bottom: 30px !important;}&#8221;][vc_column width=&#8221;3\/4&#8243;][vc_column_text]Y para las micro, peque\u00f1as y medianas empresas, la Squadroni forma parte de la red acreditada de proveedores de la tarjeta BNDES, m\u00e1s una facilidad para la adquisici\u00f3n de nuestros productos. Entre en contacto y sepa m\u00e1s sobre esta ventaja.[\/vc_column_text][\/vc_column][vc_column width=&#8221;1\/4&#8243;][vc_single_image image=&#8221;1871&#8243; img_size=&#8221;250&#215;160&#8243;][\/vc_column][\/vc_row][vc_row&hellip;<\/p>\n","protected":false},"author":6,"featured_media":0,"parent":0,"menu_order":0,"comment_status":"closed","ping_status":"closed","template":"","meta":{"_joinchat":[]},"class_list":["post-5033","page","type-page","status-publish","hentry","description-off"],"_links":{"self":[{"href":"https:\/\/agenciaplat.com.br\/squadroni\/wp-json\/wp\/v2\/pages\/5033","targetHints":{"allow":["GET"]}}],"collection":[{"href":"https:\/\/agenciaplat.com.br\/squadroni\/wp-json\/wp\/v2\/pages"}],"about":[{"href":"https:\/\/agenciaplat.com.br\/squadroni\/wp-json\/wp\/v2\/types\/page"}],"author":[{"embeddable":true,"href":"https:\/\/agenciaplat.com.br\/squadroni\/wp-json\/wp\/v2\/users\/6"}],"replies":[{"embeddable":true,"href":"https:\/\/agenciaplat.com.br\/squadroni\/wp-json\/wp\/v2\/comments?post=5033"}],"version-history":[{"count":6,"href":"https:\/\/agenciaplat.com.br\/squadroni\/wp-json\/wp\/v2\/pages\/5033\/revisions"}],"predecessor-version":[{"id":5599,"href":"https:\/\/agenciaplat.com.br\/squadroni\/wp-json\/wp\/v2\/pages\/5033\/revisions\/5599"}],"wp:attachment":[{"href":"https:\/\/agenciaplat.com.br\/squadroni\/wp-json\/wp\/v2\/media?parent=5033"}],"curies":[{"name":"wp","href":"https:\/\/api.w.org\/{rel}","templated":true}]}}