{"id":363,"date":"2016-01-29T09:51:22","date_gmt":"2016-01-29T09:51:22","guid":{"rendered":"https:\/\/the7.io\/beauty-studio\/?page_id=2"},"modified":"2025-11-26T15:38:01","modified_gmt":"2025-11-26T18:38:01","slug":"home","status":"publish","type":"page","link":"https:\/\/agenciaplat.com.br\/squadroni\/","title":{"rendered":"Home"},"content":{"rendered":"<p>[vc_row full_width=&#8221;stretch_row&#8221; type=&#8221;vc_default&#8221; margin_top=&#8221;-6&#8243; margin_bottom=&#8221;24&#8243; css=&#8221;.vc_custom_1495112538029{padding-top: 50px !important;padding-bottom: 0px !important;}&#8221;][vc_column offset=&#8221;vc_col-lg-12 vc_col-md-12&#8243; css=&#8221;.vc_custom_1524406394246{padding-bottom: 0px !important;}&#8221;]<div id=\"ultimate-heading-90069f9b0cce5063\" class=\"uvc-heading ult-adjust-bottom-margin ultimate-heading-90069f9b0cce5063 uvc-1917 \" data-hspacer=\"line_only\"  data-halign=\"center\" style=\"text-align:center\"><div class=\"uvc-main-heading ult-responsive\"  data-ultimate-target='.uvc-heading.ultimate-heading-90069f9b0cce5063 h2'  data-responsive-json-new='{\"font-size\":\"desktop:40px;\",\"line-height\":\"desktop:46px;\"}' ><h2 style=\"font-weight:bold;margin-bottom:15px;\">Bem-vindo a Squadroni!<\/h2><\/div><div class=\"uvc-heading-spacer line_only\" style=\"topheight:5px;\"><span class=\"uvc-headings-line\" style=\"border-style:solid;border-bottom-width:5px;border-color:#710908;width:200px;\"><\/span><\/div><\/div>[vc_column_text css=&#8221;.vc_custom_1524404581062{margin-top: 20px !important;}&#8221;]<\/p>\n<p style=\"text-align: center;\"><strong>Para ser o maior fabricante de rod\u00edzios para m\u00f3veis da Am\u00e9rica do Sul<\/strong>, voltamos todos os nossos esfor\u00e7os para a melhoria cont\u00ednua de nossos m\u00e9todos e processos de produ\u00e7\u00e3o. Al\u00e9m disso, investimos pesado em tecnologia e na pesquisa de materiais. Nosso compromisso com a inova\u00e7\u00e3o e qualidade faz com que ofere\u00e7amos aos nossos clientes, produtos com &#8220;design&#8221; arrojado e fabricados com mat\u00e9ria-prima de primeira qualidade, sempre rigorosamente testados e com suas especifica\u00e7\u00f5es atendendo a todas as normas internacionais de seguran\u00e7a. Quando voc\u00ea opta pela Squadroni, est\u00e1 colocando em seu produto tradi\u00e7\u00e3o, bom gosto e qualidade.<\/p>\n<p>[\/vc_column_text][\/vc_column][\/vc_row][vc_row full_width=&#8221;stretch_row&#8221; bg_type=&#8221;bg_color&#8221; bg_override=&#8221;ex-full&#8221; type=&#8221;vc_default&#8221; bg_color_value=&#8221;#f5f5f5&#8243; css=&#8221;.vc_custom_1524441600370{padding-top: 10px !important;padding-bottom: 0px !important;}&#8221;][vc_column width=&#8221;1\/2&#8243; offset=&#8221;vc_col-lg-6 vc_col-md-12&#8243; css=&#8221;.vc_custom_1524440579214{padding-bottom: 50px !important;}&#8221;][vc_row_inner][vc_column_inner width=&#8221;1\/2&#8243;]<div class=\"shortcode-single-image-wrap alignnone  vc_custom_1620401657115\" ><div class=\"shortcode-single-image\"><div class=\"fancy-media-wrap layzr-bg\" style=\"\"><img loading=\"lazy\" decoding=\"async\" class=\"lazy-load preload-me\" src=\"data:image\/svg+xml,%3Csvg%20xmlns%3D&#39;http%3A%2F%2Fwww.w3.org%2F2000%2Fsvg&#39;%20viewBox%3D&#39;0%200%20370%20371&#39;%2F%3E\" data-src=\"https:\/\/agenciaplat.com.br\/squadroni\/wp-content\/uploads\/2021\/05\/Capa-65-1-370x371.png\" data-srcset=\"https:\/\/agenciaplat.com.br\/squadroni\/wp-content\/uploads\/2021\/05\/Capa-65-1-370x371.png 370w, https:\/\/agenciaplat.com.br\/squadroni\/wp-content\/uploads\/2021\/05\/Capa-65-1-740x742.png 740w\" width=\"370\" height=\"371\"  data-dt-location=\"https:\/\/agenciaplat.com.br\/squadroni\/capa-65-2\/\" style=\"\" alt=\"\" \/><\/div><\/div><\/div>[\/vc_column_inner][vc_column_inner width=&#8221;1\/2&#8243;]<div class=\"shortcode-single-image-wrap alignnone  vc_custom_1764182201102\" ><div class=\"shortcode-single-image\"><div class=\"fancy-media-wrap layzr-bg\" style=\"\"><img loading=\"lazy\" decoding=\"async\" class=\"lazy-load preload-me\" src=\"data:image\/svg+xml,%3Csvg%20xmlns%3D&#39;http%3A%2F%2Fwww.w3.org%2F2000%2Fsvg&#39;%20viewBox%3D&#39;0%200%20360%20371&#39;%2F%3E\" data-src=\"https:\/\/agenciaplat.com.br\/squadroni\/wp-content\/uploads\/2025\/11\/Rod\u00edzio_Sq55_hga_grafite_01-360x371.jpg\" data-srcset=\"https:\/\/agenciaplat.com.br\/squadroni\/wp-content\/uploads\/2025\/11\/Rod\u00edzio_Sq55_hga_grafite_01-360x371.jpg 360w, https:\/\/agenciaplat.com.br\/squadroni\/wp-content\/uploads\/2025\/11\/Rod\u00edzio_Sq55_hga_grafite_01-720x742.jpg 720w\" width=\"360\" height=\"371\"  data-dt-location=\"https:\/\/agenciaplat.com.br\/squadroni\/home\/rodizio_sq55_hga_grafite_01\/\" style=\"\" alt=\"\" \/><\/div><\/div><\/div>[\/vc_column_inner][\/vc_row_inner][\/vc_column][vc_column width=&#8221;1\/2&#8243; offset=&#8221;vc_col-lg-6 vc_col-md-6&#8243; css=&#8221;.vc_custom_1524440591297{padding-bottom: 20px !important;}&#8221;][vc_row_inner][vc_column_inner offset=&#8221;vc_col-lg-12 vc_col-md-12&#8243;]<div id=\"ultimate-heading-837369f9b0cce5980\" class=\"uvc-heading ult-adjust-bottom-margin ultimate-heading-837369f9b0cce5980 uvc-3680 accent-border-color\" data-hspacer=\"no_spacer\"  data-halign=\"left\" style=\"text-align:left\"><div class=\"uvc-heading-spacer no_spacer\" style=\"top\"><\/div><div class=\"uvc-main-heading ult-responsive\"  data-ultimate-target='.uvc-heading.ultimate-heading-837369f9b0cce5980 h2'  data-responsive-json-new='{\"font-size\":\"desktop:26px;\",\"line-height\":\"desktop:32px;\"}' ><h2 style=\"font-weight:bold;margin-bottom:70px;\">Tend\u00eancias Mundiais<\/h2><\/div><\/div><div class=\"aio-icon-component  vc_custom_1524440194883  accent-icon-bg style_1\"><div id=\"Info-box-wrap-1323\" class=\"aio-icon-box left-icon\" style=\"\"  ><div class=\"aio-icon-left\"><div class=\"ult-just-icon-wrapper  \"><div class=\"align-icon\" style=\"text-align:center;\">\n<div class=\"aio-icon advanced \"  style=\"color:#ffffff;border-style:;border-color:#333333;border-width:1px;width:34px;height:34px;line-height:34px;border-radius:500px;font-size:16px;display:inline-block;\">\n\t<i class=\"icomoon-icomoonfree-16x16-leaf\"><\/i>\n<\/div><\/div><\/div><\/div><div class=\"aio-ibd-block\"><div class=\"aio-icon-header\" ><h3 class=\"aio-icon-title ult-responsive\"  data-ultimate-target='#Info-box-wrap-1323 .aio-icon-title'  data-responsive-json-new='{\"font-size\":\"desktop:20px;\",\"line-height\":\"desktop:26px;\"}'  style=\"\">Rod\u00edzios Squadroni<\/h3><\/div> <!-- header --><div class=\"aio-icon-description ult-responsive\"  data-ultimate-target='#Info-box-wrap-1323 .aio-icon-description'  data-responsive-json-new='{\"font-size\":\"\",\"line-height\":\"\"}'  style=\"\">Os rod\u00edzios Squadroni permitem movimenta\u00e7\u00e3o suave de m\u00f3veis, al\u00e9m de emprestar a beleza de seu design aos itens de mobili\u00e1rio, mesmo quando est\u00e1ticos. Nossos produtos trazem, em seu projeto, nuances de tend\u00eancias das escolas Italiana e Alem\u00e3 de design.<\/div> <!-- description --><\/div> <!-- aio-ibd-block --><\/div> <!-- aio-icon-box --><\/div> <!-- aio-icon-component --><div class=\"aio-icon-component  vc_custom_1524440237157  accent-icon-bg style_1\"><div id=\"Info-box-wrap-9434\" class=\"aio-icon-box left-icon\" style=\"\"  ><div class=\"aio-icon-left\"><div class=\"ult-just-icon-wrapper  \"><div class=\"align-icon\" style=\"text-align:center;\">\n<div class=\"aio-icon advanced \"  style=\"color:#ffffff;border-style:;border-color:#333333;border-width:1px;width:34px;height:34px;line-height:34px;border-radius:500px;font-size:16px;display:inline-block;\">\n\t<i class=\"icomoon-icomoonfree-16x16-user-tie\"><\/i>\n<\/div><\/div><\/div><\/div><div class=\"aio-ibd-block\"><div class=\"aio-icon-header\" ><h3 class=\"aio-icon-title ult-responsive\"  data-ultimate-target='#Info-box-wrap-9434 .aio-icon-title'  data-responsive-json-new='{\"font-size\":\"desktop:20px;\",\"line-height\":\"desktop:26px;\"}'  style=\"\">Robustos ou delgados<\/h3><\/div> <!-- header --><div class=\"aio-icon-description ult-responsive\"  data-ultimate-target='#Info-box-wrap-9434 .aio-icon-description'  data-responsive-json-new='{\"font-size\":\"\",\"line-height\":\"\"}'  style=\"\">Mais robustos ou delgados e com uma vasta gama de acabamentos e cores, sempre haver\u00e1 um rod\u00edzio fabricado pela Squadroni que traga ainda mais valor ao seu projeto.<\/div> <!-- description --><\/div> <!-- aio-ibd-block --><\/div> <!-- aio-icon-box --><\/div> <!-- aio-icon-component -->[\/vc_column_inner][\/vc_row_inner][\/vc_column][\/vc_row][vc_row bg_type=&#8221;bg_color&#8221; bg_override=&#8221;ex-full&#8221; type=&#8221;vc_default&#8221; css=&#8221;.vc_custom_1525967139962{padding-top: 60px !important;padding-bottom: 70px !important;}&#8221; bg_color_value=&#8221;#710908&#8243;][vc_column]<div id=\"ultimate-heading-356669f9b0cce5b61\" class=\"uvc-heading ult-adjust-bottom-margin ultimate-heading-356669f9b0cce5b61 uvc-8540 \" data-hspacer=\"no_spacer\"  data-halign=\"center\" style=\"text-align:center\"><div class=\"uvc-heading-spacer no_spacer\" style=\"top\"><\/div><div class=\"uvc-main-heading ult-responsive\"  data-ultimate-target='.uvc-heading.ultimate-heading-356669f9b0cce5b61 h2'  data-responsive-json-new='{\"font-size\":\"desktop:40px;tablet_portrait:20px;\",\"line-height\":\"desktop:46px;tablet_portrait:26px;\"}' ><h2 style=\"font-family:&#039;Open Sans Condensed&#039;;font-weight:700;color:#000000;margin-bottom:10px;\">Fale conosco<\/h2><\/div><div class=\"uvc-sub-heading ult-responsive\"  data-ultimate-target='.uvc-heading.ultimate-heading-356669f9b0cce5b61 .uvc-sub-heading '  data-responsive-json-new='{\"font-size\":\"desktop:70px;tablet_portrait:40px;\",\"line-height\":\"desktop:76px;tablet_portrait:46px;\"}'  style=\"font-family:&#039;Open Sans Condensed&#039;;font-weight:700;color:#ffffff;\">Solicite um or\u00e7amento<\/div><\/div><style type=\"text\/css\" data-type=\"the7_shortcodes-inline-css\">#default-btn-1:not(:hover) {\n  background: #000000 !important;\n}\n.btn-3d #default-btn-1:not(:hover) {\n  border-bottom-color: #000000;\n}\n<\/style><div class=\"btn-align-center\"><a href=\"http:\/\/squadroni.com.br\/contato\/\" class=\"default-btn-shortcode dt-btn dt-btn-l  vc_custom_1551107438745\" target=\"_blank\" id=\"default-btn-1\" style=\"width:400px;\"><span>Clique aqui<\/span><\/a><\/div>[\/vc_column][\/vc_row][vc_row disable_element=&#8221;yes&#8221; type=&#8221;vc_default&#8221; margin_top=&#8221;60&#8243; margin_bottom=&#8221;-40&#8243; css=&#8221;.vc_custom_1533735057680{padding-top: 20px !important;padding-bottom: 10px !important;}&#8221;][vc_column css=&#8221;.vc_custom_1524446270935{padding-bottom: 10px !important;}&#8221;]<div id=\"ultimate-heading-309869f9b0cce5c55\" class=\"uvc-heading ult-adjust-bottom-margin ultimate-heading-309869f9b0cce5c55 uvc-6086 \" data-hspacer=\"line_only\"  data-halign=\"center\" style=\"text-align:center\"><div class=\"uvc-main-heading ult-responsive\"  data-ultimate-target='.uvc-heading.ultimate-heading-309869f9b0cce5c55 h2'  data-responsive-json-new='{\"font-size\":\"desktop:40px;\",\"line-height\":\"desktop:46px;\"}' ><h2 style=\"font-weight:bold;margin-bottom:15px;\">Nossos Produtos<\/h2><\/div><div class=\"uvc-heading-spacer line_only\" style=\"topheight:5px;\"><span class=\"uvc-headings-line\" style=\"border-style:solid;border-bottom-width:5px;border-color:#710908;width:200px;\"><\/span><\/div><\/div>[\/vc_column][vc_column][vc_tta_tabs color=&#8221;white&#8221; active_section=&#8221;1&#8243; el_class=&#8221;abas_home&#8221;][vc_tta_section title=&#8221;Rod\u00edzios&#8221; tab_id=&#8221;1524443524844-18f82102-9527&#8243;][vc_row_inner equal_height=&#8221;yes&#8221; content_placement=&#8221;middle&#8221;][vc_column_inner width=&#8221;1\/4&#8243;]<div class=\"shortcode-single-image-wrap alignnone  vc_custom_1524767624917\" ><div class=\"shortcode-single-image\"><div class=\"fancy-media-wrap layzr-bg\" style=\"\"><img loading=\"lazy\" decoding=\"async\" class=\"lazy-load preload-me\" src=\"data:image\/svg+xml,%3Csvg%20xmlns%3D&#39;http%3A%2F%2Fwww.w3.org%2F2000%2Fsvg&#39;%20viewBox%3D&#39;0%200%20121%20117&#39;%2F%3E\" data-src=\"https:\/\/agenciaplat.com.br\/squadroni\/wp-content\/uploads\/2018\/04\/product1.jpg\" data-srcset=\"https:\/\/agenciaplat.com.br\/squadroni\/wp-content\/uploads\/2018\/04\/product1.jpg 121w\" width=\"121\" height=\"117\"  data-dt-location=\"https:\/\/agenciaplat.com.br\/squadroni\/home\/product1\/\" style=\"\" alt=\"\" \/><\/div><\/div><\/div>[\/vc_column_inner][vc_column_inner width=&#8221;3\/4&#8243;][vc_column_text]Os rod\u00edzios Squadroni s\u00e3o desenvolvidos para permitirem uma movimenta\u00e7\u00e3o suave de m\u00f3veis e cadeiras, al\u00e9m de emprestar a beleza de seu design aos itens de mobili\u00e1rio mesmo quando est\u00e1ticos.<\/p>\n<p>Nossos produtos trazem em seu projeto, nuances das tend\u00eancias das escolas Italiana e Alem\u00e3 de design.<\/p>\n<p>Mais robustos ou delgados e com uma vasta gama de acabamentos e cores, sempre haver\u00e1 um rod\u00edzio fabricado pela Squadroni que agregue ainda mais valor ao seu projeto.[\/vc_column_text][\/vc_column_inner][\/vc_row_inner][\/vc_tta_section][vc_tta_section title=&#8221;Buchas&#8221; tab_id=&#8221;1524444912899-2ecd53fd-f78f&#8221;][vc_row_inner equal_height=&#8221;yes&#8221; content_placement=&#8221;middle&#8221;][vc_column_inner width=&#8221;1\/4&#8243;]<div class=\"shortcode-single-image-wrap alignnone  vc_custom_1524767636432\" ><div class=\"shortcode-single-image\"><div class=\"fancy-media-wrap layzr-bg\" style=\"\"><img loading=\"lazy\" decoding=\"async\" class=\"lazy-load preload-me\" src=\"data:image\/svg+xml,%3Csvg%20xmlns%3D&#39;http%3A%2F%2Fwww.w3.org%2F2000%2Fsvg&#39;%20viewBox%3D&#39;0%200%20101%2089&#39;%2F%3E\" data-src=\"https:\/\/agenciaplat.com.br\/squadroni\/wp-content\/uploads\/2018\/04\/product2.jpg\" data-srcset=\"https:\/\/agenciaplat.com.br\/squadroni\/wp-content\/uploads\/2018\/04\/product2.jpg 101w\" width=\"101\" height=\"89\"  data-dt-location=\"https:\/\/agenciaplat.com.br\/squadroni\/home\/product2\/\" style=\"\" alt=\"\" \/><\/div><\/div><\/div>[\/vc_column_inner][vc_column_inner width=&#8221;3\/4&#8243;][vc_column_text]A Squadroni fabrica uma enorme gama de buchas de redu\u00e7\u00e3o para tubos padronizados redondos e quadrados e tamb\u00e9m buchas para engate dos rod\u00edzios e sapatas. S\u00e3o produzidas em &#8220;nylon&#8221; ou polipropileno, conforme sua aplica\u00e7\u00e3o.[\/vc_column_text][\/vc_column_inner][\/vc_row_inner][\/vc_tta_section][vc_tta_section title=&#8221;Acess\u00f3rios&#8221; tab_id=&#8221;1524445074613-e209cf72-fbd1&#8243;][vc_row_inner equal_height=&#8221;yes&#8221; content_placement=&#8221;middle&#8221;][vc_column_inner width=&#8221;1\/4&#8243;]<div class=\"shortcode-single-image-wrap alignnone  vc_custom_1524767643671\" ><div class=\"shortcode-single-image\"><div class=\"fancy-media-wrap layzr-bg\" style=\"\"><img loading=\"lazy\" decoding=\"async\" class=\"lazy-load preload-me\" src=\"data:image\/svg+xml,%3Csvg%20xmlns%3D&#39;http%3A%2F%2Fwww.w3.org%2F2000%2Fsvg&#39;%20viewBox%3D&#39;0%200%20170%2089&#39;%2F%3E\" data-src=\"https:\/\/agenciaplat.com.br\/squadroni\/wp-content\/uploads\/2018\/04\/product3.jpg\" data-srcset=\"https:\/\/agenciaplat.com.br\/squadroni\/wp-content\/uploads\/2018\/04\/product3.jpg 170w\" width=\"170\" height=\"89\"  data-dt-location=\"https:\/\/agenciaplat.com.br\/squadroni\/home\/product3\/\" style=\"\" alt=\"\" \/><\/div><\/div><\/div>[\/vc_column_inner][vc_column_inner width=&#8221;3\/4&#8243;][vc_column_text]A Squadroni produz acess\u00f3rios injetados de alta qualidade. Al\u00e9m de capas para bases de cadeiras girat\u00f3rias, produzimos suportes de CPUs com a mesma qualidade de nossos rod\u00edzios.[\/vc_column_text][\/vc_column_inner][\/vc_row_inner][\/vc_tta_section][\/vc_tta_tabs][\/vc_column][\/vc_row][vc_row][vc_column][vc_tta_pageable][vc_tta_section title=&#8221;Se\u00e7\u00e3o 1&#8243; tab_id=&#8221;1756407824777-cfdc68f2-0f42&#8243;][\/vc_tta_section][vc_tta_section title=&#8221;Se\u00e7\u00e3o 2&#8243; tab_id=&#8221;1756407824806-d65084e2-2d4b&#8221;][\/vc_tta_section][\/vc_tta_pageable][\/vc_column][\/vc_row]<\/p>\n","protected":false},"excerpt":{"rendered":"<p>[vc_row full_width=&#8221;stretch_row&#8221; type=&#8221;vc_default&#8221; margin_top=&#8221;-6&#8243; margin_bottom=&#8221;24&#8243; css=&#8221;.vc_custom_1495112538029{padding-top: 50px !important;padding-bottom: 0px !important;}&#8221;][vc_column offset=&#8221;vc_col-lg-12 vc_col-md-12&#8243; css=&#8221;.vc_custom_1524406394246{padding-bottom: 0px !important;}&#8221;][vc_column_text css=&#8221;.vc_custom_1524404581062{margin-top: 20px !important;}&#8221;] Para ser o maior fabricante de rod\u00edzios para m\u00f3veis da Am\u00e9rica do Sul, voltamos todos os nossos esfor\u00e7os para a melhoria cont\u00ednua de nossos m\u00e9todos e processos de produ\u00e7\u00e3o. Al\u00e9m disso, investimos pesado em tecnologia e na&hellip;<\/p>\n","protected":false},"author":6,"featured_media":0,"parent":0,"menu_order":0,"comment_status":"closed","ping_status":"closed","template":"","meta":{"_joinchat":[]},"class_list":["post-363","page","type-page","status-publish","hentry","description-off"],"_links":{"self":[{"href":"https:\/\/agenciaplat.com.br\/squadroni\/wp-json\/wp\/v2\/pages\/363","targetHints":{"allow":["GET"]}}],"collection":[{"href":"https:\/\/agenciaplat.com.br\/squadroni\/wp-json\/wp\/v2\/pages"}],"about":[{"href":"https:\/\/agenciaplat.com.br\/squadroni\/wp-json\/wp\/v2\/types\/page"}],"author":[{"embeddable":true,"href":"https:\/\/agenciaplat.com.br\/squadroni\/wp-json\/wp\/v2\/users\/6"}],"replies":[{"embeddable":true,"href":"https:\/\/agenciaplat.com.br\/squadroni\/wp-json\/wp\/v2\/comments?post=363"}],"version-history":[{"count":45,"href":"https:\/\/agenciaplat.com.br\/squadroni\/wp-json\/wp\/v2\/pages\/363\/revisions"}],"predecessor-version":[{"id":7815,"href":"https:\/\/agenciaplat.com.br\/squadroni\/wp-json\/wp\/v2\/pages\/363\/revisions\/7815"}],"wp:attachment":[{"href":"https:\/\/agenciaplat.com.br\/squadroni\/wp-json\/wp\/v2\/media?parent=363"}],"curies":[{"name":"wp","href":"https:\/\/api.w.org\/{rel}","templated":true}]}}