{"id":1844,"date":"2018-04-23T01:13:21","date_gmt":"2018-04-23T04:13:21","guid":{"rendered":"http:\/\/squadroni.provisorio.ws\/?page_id=1844"},"modified":"2019-08-21T09:24:31","modified_gmt":"2019-08-21T12:24:31","slug":"norma-tecnica","status":"publish","type":"page","link":"https:\/\/agenciaplat.com.br\/squadroni\/norma-tecnica\/","title":{"rendered":"Norma T\u00e9cnica"},"content":{"rendered":"<p>[vc_row][vc_column]<div id=\"ultimate-heading-172569f710a0e38dc\" class=\"uvc-heading ult-adjust-bottom-margin ultimate-heading-172569f710a0e38dc uvc-3475 \" data-hspacer=\"line_only\"  data-halign=\"center\" style=\"text-align:center\"><div class=\"uvc-main-heading ult-responsive\"  data-ultimate-target='.uvc-heading.ultimate-heading-172569f710a0e38dc h1'  data-responsive-json-new='{\"font-size\":\"\",\"line-height\":\"\"}' ><h1 style=\"font-weight:normal;margin-bottom:20px;\">NBR 13962\/2018<\/h1><\/div><div class=\"uvc-heading-spacer line_only\" style=\"margin-bottom:50px;height:1px;\"><span class=\"uvc-headings-line\" style=\"border-style:solid;border-bottom-width:1px;border-color:#ccc;width:autopx;\"><\/span><\/div><\/div>[\/vc_column][\/vc_row][vc_row][vc_column][vc_column_text]<\/p>\n<h4><span style=\"color: #ed1c24;\">ROD\u00cdZIO TIPO H<\/span><\/h4>\n<p class=\"align-left\">Rod\u00edzio com rodas r\u00edgidas que apresentam banda de rodagem dura em uma s\u00f3 cor em toda a sua superf\u00edcie, sendo recomendado para uso sobre pisos cobertos por tapete ou carpete.<\/p>\n<p>&nbsp;<\/p>\n<h4><span style=\"color: #ed1c24;\">ROD\u00cdZIO TIPO W<\/span><\/h4>\n<p class=\"align-left\">Rod\u00edzio com rodas revestidas de material resiliente, que apresentam banda de rodagem macia e cores diferentes no centro e na banda de rodagem, sendo recomendado para uso sobre pisos revestidos de pedra, madeira, cer\u00e2mica e quaisquer outros n\u00e3o cobertos.<\/p>\n<p>&nbsp;<\/p>\n<h4><span style=\"color: #ed1c24;\">OBST\u00c1CULOS AO DESLOCAMENTO DOS ROD\u00cdZIOS<\/span><\/h4>\n<p class=\"align-left\">Tira de metal com comprimento conforme indicado no ensaio de durabilidade ao deslocamento de rod\u00edzio, largura de 51mm e espessura de 3,2mm onde as bordas longitudinais destas tiras devem ter raio de 3,2mm + ou &#8211; 0,4mm<\/p>\n<p>&nbsp;<\/p>\n<h4><span style=\"color: #ed1c24;\">SUPERF\u00cdCIE DE APOIO<\/span><\/h4>\n<p class=\"align-left\">Superf\u00edcie do ch\u00e3o perfeitamente horizontal e plana onde a base e os rod\u00edzios devem estar livres para rotacionar e girar.<\/p>\n<p>&nbsp;<\/p>\n<h4><span style=\"color: #ed1c24;\">ENSAIO DE DURABILIDADE AO DESLOCAMENTO DOS ROD\u00cdZIOS<\/span><\/h4>\n<p class=\"align-left\">O ensaio deve ser realizado diretamente sobre a superf\u00edcie de apoio. Para o ensaio utiliza-se tr\u00eas obst\u00e1culos fixados a essa superf\u00edcie.<br \/>\nSe uma cadeira completa for ensaiada, colocar uma carga M\u00b9 no assento da cadeira. Se um acess\u00f3rio for usado o peso do conjunto do ensaio (conjunto da base, acess\u00f3rios e pesos) deve ser equivalente a M\u00b9 mais o peso da cadeira na sua configura\u00e7\u00e3o totalmente montada. O curso do dispositivo c\u00edclico deve ser ajustado para garantir no m\u00ednimo (762mm + 20mm) de percurso. O curso deve ser orientado para os rod\u00edzios rolarem atrav\u00e9s da plataforma de ensaios e obst\u00e1culos.<br \/>\nO ciclo (deslocamento em um sentido e depois no sentido oposto) deve ser repetido 2000 vezes sobre os obst\u00e1culos e 98000 ciclos em superf\u00edcie lisa e r\u00edgida sem obst\u00e1culos, em uma frequ\u00eancia de 10 + ou &#8211; 2 ciclos por minuto. Ap\u00f3s a conclus\u00e3o dos ciclos, uma for\u00e7a de 22N deve ser aplicada a cada rod\u00edzio na linha central da haste do rod\u00edzio.<\/p>\n<p>[\/vc_column_text][\/vc_column][\/vc_row]<\/p>\n","protected":false},"excerpt":{"rendered":"<p>[vc_row][vc_column][\/vc_column][\/vc_row][vc_row][vc_column][vc_column_text] ROD\u00cdZIO TIPO H Rod\u00edzio com rodas r\u00edgidas que apresentam banda de rodagem dura em uma s\u00f3 cor em toda a sua superf\u00edcie, sendo recomendado para uso sobre pisos cobertos por tapete ou carpete. &nbsp; ROD\u00cdZIO TIPO W Rod\u00edzio com rodas revestidas de material resiliente, que apresentam banda de rodagem macia e cores diferentes no&hellip;<\/p>\n","protected":false},"author":6,"featured_media":0,"parent":0,"menu_order":0,"comment_status":"closed","ping_status":"closed","template":"","meta":{"_joinchat":[]},"class_list":["post-1844","page","type-page","status-publish","hentry","description-off"],"_links":{"self":[{"href":"https:\/\/agenciaplat.com.br\/squadroni\/wp-json\/wp\/v2\/pages\/1844","targetHints":{"allow":["GET"]}}],"collection":[{"href":"https:\/\/agenciaplat.com.br\/squadroni\/wp-json\/wp\/v2\/pages"}],"about":[{"href":"https:\/\/agenciaplat.com.br\/squadroni\/wp-json\/wp\/v2\/types\/page"}],"author":[{"embeddable":true,"href":"https:\/\/agenciaplat.com.br\/squadroni\/wp-json\/wp\/v2\/users\/6"}],"replies":[{"embeddable":true,"href":"https:\/\/agenciaplat.com.br\/squadroni\/wp-json\/wp\/v2\/comments?post=1844"}],"version-history":[{"count":7,"href":"https:\/\/agenciaplat.com.br\/squadroni\/wp-json\/wp\/v2\/pages\/1844\/revisions"}],"predecessor-version":[{"id":5654,"href":"https:\/\/agenciaplat.com.br\/squadroni\/wp-json\/wp\/v2\/pages\/1844\/revisions\/5654"}],"wp:attachment":[{"href":"https:\/\/agenciaplat.com.br\/squadroni\/wp-json\/wp\/v2\/media?parent=1844"}],"curies":[{"name":"wp","href":"https:\/\/api.w.org\/{rel}","templated":true}]}}